{"id":566,"date":"2023-07-01T23:49:19","date_gmt":"2023-07-02T04:49:19","guid":{"rendered":"https:\/\/neomarket.com.co\/?post_type=product&#038;p=566"},"modified":"2026-01-27T11:15:15","modified_gmt":"2026-01-27T16:15:15","slug":"maletero-portaequipaje","status":"publish","type":"product","link":"https:\/\/neomarket.com.co\/?product=maletero-portaequipaje","title":{"rendered":"Maleta Portaequipaje para Techo Maletero Carro Camioneta"},"content":{"rendered":"<p>Maleta Portaequipaje para Techo Maletero Carro Camioneta<\/p>\n<p>Modelo mejorado con hebillas de ajuste rapido.<\/p>\n<p>COLOR GRIS.<br \/>\nNO INCLUYE BARRAS O PARRILLA<\/p>\n<p>-Construcci\u00f3n duradera<br \/>\n-Material impermeable<br \/>\n-Hebillas de Ajuste r\u00e1pido<br \/>\n-Dise\u00f1o aerodin\u00e1mico<br \/>\n-Medidas empacado: largo 30cm, ancho 10cm, alto 25cm<br \/>\n-Medidas desplegado: largo 117cm, ancho 86cm, alto 47cm<br \/>\n-Gran capacidad de 450 litros para todo tipo de carga<br \/>\n-F\u00e1cil instalaci\u00f3n<br \/>\n-Resiste todos los climas<\/p>\n<p>Incluye:<br \/>\n-Maleta Portaequipaje.<br \/>\n-Bolsa de Empaque y transporte.<\/p>\n<p>Env\u00edo a Toda Colombia.<\/p>\n","protected":false},"excerpt":{"rendered":"<p>Incluye:<br \/>\n-Maleta Portaequipaje.<br \/>\n-Bolsa de Empaque y transporte.<\/p>\n","protected":false},"featured_media":567,"comment_status":"open","ping_status":"closed","template":"","meta":{"_uag_custom_page_level_css":"","site-sidebar-layout":"default","site-content-layout":"default","ast-site-content-layout":"default","site-content-style":"default","site-sidebar-style":"default","ast-global-header-display":"","ast-banner-title-visibility":"","ast-main-header-display":"","ast-hfb-above-header-display":"","ast-hfb-below-header-display":"","ast-hfb-mobile-header-display":"","site-post-title":"","ast-breadcrumbs-content":"","ast-featured-img":"","footer-sml-layout":"","theme-transparent-header-meta":"default","adv-header-id-meta":"","stick-header-meta":"","header-above-stick-meta":"","header-main-stick-meta":"","header-below-stick-meta":"","astra-migrate-meta-layouts":"set","ast-page-background-enabled":"default","ast-page-background-meta":{"desktop":{"background-color":"","background-image":"","background-repeat":"repeat","background-position":"center center","background-size":"auto","background-attachment":"scroll","background-type":"","background-media":"","overlay-type":"","overlay-color":"","overlay-opacity":"","overlay-gradient":""},"tablet":{"background-color":"","background-image":"","background-repeat":"repeat","background-position":"center center","background-size":"auto","background-attachment":"scroll","background-type":"","background-media":"","overlay-type":"","overlay-color":"","overlay-opacity":"","overlay-gradient":""},"mobile":{"background-color":"","background-image":"","background-repeat":"repeat","background-position":"center center","background-size":"auto","background-attachment":"scroll","background-type":"","background-media":"","overlay-type":"","overlay-color":"","overlay-opacity":"","overlay-gradient":""}},"ast-content-background-meta":{"desktop":{"background-color":"var(--ast-global-color-5)","background-image":"","background-repeat":"repeat","background-position":"center center","background-size":"auto","background-attachment":"scroll","background-type":"","background-media":"","overlay-type":"","overlay-color":"","overlay-opacity":"","overlay-gradient":""},"tablet":{"background-color":"var(--ast-global-color-5)","background-image":"","background-repeat":"repeat","background-position":"center center","background-size":"auto","background-attachment":"scroll","background-type":"","background-media":"","overlay-type":"","overlay-color":"","overlay-opacity":"","overlay-gradient":""},"mobile":{"background-color":"var(--ast-global-color-5)","background-image":"","background-repeat":"repeat","background-position":"center center","background-size":"auto","background-attachment":"scroll","background-type":"","background-media":"","overlay-type":"","overlay-color":"","overlay-opacity":"","overlay-gradient":""}}},"product_brand":[],"product_cat":[59],"product_tag":[],"class_list":{"0":"post-566","1":"product","2":"type-product","3":"status-publish","4":"has-post-thumbnail","6":"product_cat-accesorios-para-vehiculos","7":"desktop-align-left","8":"tablet-align-left","9":"mobile-align-left","11":"first","12":"outofstock","13":"sale","14":"featured","15":"shipping-taxable","16":"purchasable","17":"product-type-simple"},"yoast_head":"<!-- This site is optimized with the Yoast SEO plugin v24.6 - https:\/\/yoast.com\/wordpress\/plugins\/seo\/ -->\n<title>Maleta Portaequipaje para Techo Maletero Carro Camioneta - NeoMarket<\/title>\n<meta name=\"description\" content=\"Modelo mejorado con hebillas de ajuste rapido. Construcci\u00f3n duradera. Material impermeable. Dise\u00f1o aerodin\u00e1mico. Medidas empacado: largo 30cm, ancho 10cm, alto 25cm. Medidas desplegado: largo 117cm, ancho 86cm, alto 47cm. Gran capacidad de 450 litros para todo tipo de carga- F\u00e1cil instalaci\u00f3n. Resiste todos los climas\" \/>\n<meta name=\"robots\" content=\"index, follow, max-snippet:-1, max-image-preview:large, max-video-preview:-1\" \/>\n<link rel=\"canonical\" href=\"https:\/\/neomarket.com.co\/?product=maletero-portaequipaje\" \/>\n<meta property=\"og:locale\" content=\"es_ES\" \/>\n<meta property=\"og:type\" content=\"article\" \/>\n<meta property=\"og:title\" content=\"Maleta Portaequipaje para Techo Maletero Carro Camioneta - NeoMarket\" \/>\n<meta property=\"og:description\" content=\"Modelo mejorado con hebillas de ajuste rapido. Construcci\u00f3n duradera. Material impermeable. Dise\u00f1o aerodin\u00e1mico. Medidas empacado: largo 30cm, ancho 10cm, alto 25cm. Medidas desplegado: largo 117cm, ancho 86cm, alto 47cm. Gran capacidad de 450 litros para todo tipo de carga- F\u00e1cil instalaci\u00f3n. Resiste todos los climas\" \/>\n<meta property=\"og:url\" content=\"https:\/\/neomarket.com.co\/?product=maletero-portaequipaje\" \/>\n<meta property=\"og:site_name\" content=\"NeoMarket\" \/>\n<meta property=\"article:publisher\" content=\"https:\/\/www.facebook.com\/neomarketco\" \/>\n<meta property=\"article:modified_time\" content=\"2026-01-27T16:15:15+00:00\" \/>\n<meta property=\"og:image\" content=\"http:\/\/neomarket.com.co\/wp-content\/uploads\/2023\/07\/PortaEquipaje01a-1000x1000-1.png\" \/>\n\t<meta property=\"og:image:width\" content=\"1000\" \/>\n\t<meta property=\"og:image:height\" content=\"1000\" \/>\n\t<meta property=\"og:image:type\" content=\"image\/png\" \/>\n<meta name=\"twitter:card\" content=\"summary_large_image\" \/>\n<meta name=\"twitter:label1\" content=\"Tiempo de lectura\" \/>\n\t<meta name=\"twitter:data1\" content=\"1 minuto\" \/>\n<script type=\"application\/ld+json\" class=\"yoast-schema-graph\">{\"@context\":\"https:\/\/schema.org\",\"@graph\":[{\"@type\":\"WebPage\",\"@id\":\"https:\/\/neomarket.com.co\/?product=maletero-portaequipaje\",\"url\":\"https:\/\/neomarket.com.co\/?product=maletero-portaequipaje\",\"name\":\"Maleta Portaequipaje para Techo Maletero Carro Camioneta - NeoMarket\",\"isPartOf\":{\"@id\":\"https:\/\/neomarket.com.co\/#website\"},\"primaryImageOfPage\":{\"@id\":\"https:\/\/neomarket.com.co\/?product=maletero-portaequipaje#primaryimage\"},\"image\":{\"@id\":\"https:\/\/neomarket.com.co\/?product=maletero-portaequipaje#primaryimage\"},\"thumbnailUrl\":\"https:\/\/neomarket.com.co\/wp-content\/uploads\/2023\/07\/PortaEquipaje01a-1000x1000-1.png\",\"datePublished\":\"2023-07-02T04:49:19+00:00\",\"dateModified\":\"2026-01-27T16:15:15+00:00\",\"description\":\"Modelo mejorado con hebillas de ajuste rapido. Construcci\u00f3n duradera. Material impermeable. Dise\u00f1o aerodin\u00e1mico. Medidas empacado: largo 30cm, ancho 10cm, alto 25cm. Medidas desplegado: largo 117cm, ancho 86cm, alto 47cm. Gran capacidad de 450 litros para todo tipo de carga- F\u00e1cil instalaci\u00f3n. Resiste todos los climas\",\"breadcrumb\":{\"@id\":\"https:\/\/neomarket.com.co\/?product=maletero-portaequipaje#breadcrumb\"},\"inLanguage\":\"es\",\"potentialAction\":[{\"@type\":\"ReadAction\",\"target\":[\"https:\/\/neomarket.com.co\/?product=maletero-portaequipaje\"]}]},{\"@type\":\"ImageObject\",\"inLanguage\":\"es\",\"@id\":\"https:\/\/neomarket.com.co\/?product=maletero-portaequipaje#primaryimage\",\"url\":\"https:\/\/neomarket.com.co\/wp-content\/uploads\/2023\/07\/PortaEquipaje01a-1000x1000-1.png\",\"contentUrl\":\"https:\/\/neomarket.com.co\/wp-content\/uploads\/2023\/07\/PortaEquipaje01a-1000x1000-1.png\",\"width\":1000,\"height\":1000,\"caption\":\"Maleta Portaequipaje para Techo Maletero Carro Camioneta\"},{\"@type\":\"BreadcrumbList\",\"@id\":\"https:\/\/neomarket.com.co\/?product=maletero-portaequipaje#breadcrumb\",\"itemListElement\":[{\"@type\":\"ListItem\",\"position\":1,\"name\":\"Portada\",\"item\":\"https:\/\/neomarket.com.co\/\"},{\"@type\":\"ListItem\",\"position\":2,\"name\":\"Tienda\",\"item\":\"https:\/\/neomarket.com.co\/\"},{\"@type\":\"ListItem\",\"position\":3,\"name\":\"Maleta Portaequipaje para Techo Maletero Carro Camioneta\"}]},{\"@type\":\"WebSite\",\"@id\":\"https:\/\/neomarket.com.co\/#website\",\"url\":\"https:\/\/neomarket.com.co\/\",\"name\":\"NeoMarket\",\"description\":\"Tienda de Accesorios para Veh\u00edculos\",\"publisher\":{\"@id\":\"https:\/\/neomarket.com.co\/#organization\"},\"potentialAction\":[{\"@type\":\"SearchAction\",\"target\":{\"@type\":\"EntryPoint\",\"urlTemplate\":\"https:\/\/neomarket.com.co\/?s={search_term_string}\"},\"query-input\":{\"@type\":\"PropertyValueSpecification\",\"valueRequired\":true,\"valueName\":\"search_term_string\"}}],\"inLanguage\":\"es\"},{\"@type\":\"Organization\",\"@id\":\"https:\/\/neomarket.com.co\/#organization\",\"name\":\"NeoMarket\",\"url\":\"https:\/\/neomarket.com.co\/\",\"logo\":{\"@type\":\"ImageObject\",\"inLanguage\":\"es\",\"@id\":\"https:\/\/neomarket.com.co\/#\/schema\/logo\/image\/\",\"url\":\"https:\/\/neomarket.com.co\/wp-content\/uploads\/2023\/07\/cropped-neomarket3.png\",\"contentUrl\":\"https:\/\/neomarket.com.co\/wp-content\/uploads\/2023\/07\/cropped-neomarket3.png\",\"width\":334,\"height\":95,\"caption\":\"NeoMarket\"},\"image\":{\"@id\":\"https:\/\/neomarket.com.co\/#\/schema\/logo\/image\/\"},\"sameAs\":[\"https:\/\/www.facebook.com\/neomarketco\",\"https:\/\/www.instagram.com\/neomarketco\"]}]}<\/script>\n<!-- \/ Yoast SEO plugin. -->","yoast_head_json":{"title":"Maleta Portaequipaje para Techo Maletero Carro Camioneta - NeoMarket","description":"Modelo mejorado con hebillas de ajuste rapido. Construcci\u00f3n duradera. Material impermeable. Dise\u00f1o aerodin\u00e1mico. Medidas empacado: largo 30cm, ancho 10cm, alto 25cm. Medidas desplegado: largo 117cm, ancho 86cm, alto 47cm. Gran capacidad de 450 litros para todo tipo de carga- F\u00e1cil instalaci\u00f3n. Resiste todos los climas","robots":{"index":"index","follow":"follow","max-snippet":"max-snippet:-1","max-image-preview":"max-image-preview:large","max-video-preview":"max-video-preview:-1"},"canonical":"https:\/\/neomarket.com.co\/?product=maletero-portaequipaje","og_locale":"es_ES","og_type":"article","og_title":"Maleta Portaequipaje para Techo Maletero Carro Camioneta - NeoMarket","og_description":"Modelo mejorado con hebillas de ajuste rapido. Construcci\u00f3n duradera. Material impermeable. Dise\u00f1o aerodin\u00e1mico. Medidas empacado: largo 30cm, ancho 10cm, alto 25cm. Medidas desplegado: largo 117cm, ancho 86cm, alto 47cm. Gran capacidad de 450 litros para todo tipo de carga- F\u00e1cil instalaci\u00f3n. Resiste todos los climas","og_url":"https:\/\/neomarket.com.co\/?product=maletero-portaequipaje","og_site_name":"NeoMarket","article_publisher":"https:\/\/www.facebook.com\/neomarketco","article_modified_time":"2026-01-27T16:15:15+00:00","og_image":[{"width":1000,"height":1000,"url":"http:\/\/neomarket.com.co\/wp-content\/uploads\/2023\/07\/PortaEquipaje01a-1000x1000-1.png","type":"image\/png"}],"twitter_card":"summary_large_image","twitter_misc":{"Tiempo de lectura":"1 minuto"},"schema":{"@context":"https:\/\/schema.org","@graph":[{"@type":"WebPage","@id":"https:\/\/neomarket.com.co\/?product=maletero-portaequipaje","url":"https:\/\/neomarket.com.co\/?product=maletero-portaequipaje","name":"Maleta Portaequipaje para Techo Maletero Carro Camioneta - NeoMarket","isPartOf":{"@id":"https:\/\/neomarket.com.co\/#website"},"primaryImageOfPage":{"@id":"https:\/\/neomarket.com.co\/?product=maletero-portaequipaje#primaryimage"},"image":{"@id":"https:\/\/neomarket.com.co\/?product=maletero-portaequipaje#primaryimage"},"thumbnailUrl":"https:\/\/neomarket.com.co\/wp-content\/uploads\/2023\/07\/PortaEquipaje01a-1000x1000-1.png","datePublished":"2023-07-02T04:49:19+00:00","dateModified":"2026-01-27T16:15:15+00:00","description":"Modelo mejorado con hebillas de ajuste rapido. Construcci\u00f3n duradera. Material impermeable. Dise\u00f1o aerodin\u00e1mico. Medidas empacado: largo 30cm, ancho 10cm, alto 25cm. Medidas desplegado: largo 117cm, ancho 86cm, alto 47cm. Gran capacidad de 450 litros para todo tipo de carga- F\u00e1cil instalaci\u00f3n. Resiste todos los climas","breadcrumb":{"@id":"https:\/\/neomarket.com.co\/?product=maletero-portaequipaje#breadcrumb"},"inLanguage":"es","potentialAction":[{"@type":"ReadAction","target":["https:\/\/neomarket.com.co\/?product=maletero-portaequipaje"]}]},{"@type":"ImageObject","inLanguage":"es","@id":"https:\/\/neomarket.com.co\/?product=maletero-portaequipaje#primaryimage","url":"https:\/\/neomarket.com.co\/wp-content\/uploads\/2023\/07\/PortaEquipaje01a-1000x1000-1.png","contentUrl":"https:\/\/neomarket.com.co\/wp-content\/uploads\/2023\/07\/PortaEquipaje01a-1000x1000-1.png","width":1000,"height":1000,"caption":"Maleta Portaequipaje para Techo Maletero Carro Camioneta"},{"@type":"BreadcrumbList","@id":"https:\/\/neomarket.com.co\/?product=maletero-portaequipaje#breadcrumb","itemListElement":[{"@type":"ListItem","position":1,"name":"Portada","item":"https:\/\/neomarket.com.co\/"},{"@type":"ListItem","position":2,"name":"Tienda","item":"https:\/\/neomarket.com.co\/"},{"@type":"ListItem","position":3,"name":"Maleta Portaequipaje para Techo Maletero Carro Camioneta"}]},{"@type":"WebSite","@id":"https:\/\/neomarket.com.co\/#website","url":"https:\/\/neomarket.com.co\/","name":"NeoMarket","description":"Tienda de Accesorios para Veh\u00edculos","publisher":{"@id":"https:\/\/neomarket.com.co\/#organization"},"potentialAction":[{"@type":"SearchAction","target":{"@type":"EntryPoint","urlTemplate":"https:\/\/neomarket.com.co\/?s={search_term_string}"},"query-input":{"@type":"PropertyValueSpecification","valueRequired":true,"valueName":"search_term_string"}}],"inLanguage":"es"},{"@type":"Organization","@id":"https:\/\/neomarket.com.co\/#organization","name":"NeoMarket","url":"https:\/\/neomarket.com.co\/","logo":{"@type":"ImageObject","inLanguage":"es","@id":"https:\/\/neomarket.com.co\/#\/schema\/logo\/image\/","url":"https:\/\/neomarket.com.co\/wp-content\/uploads\/2023\/07\/cropped-neomarket3.png","contentUrl":"https:\/\/neomarket.com.co\/wp-content\/uploads\/2023\/07\/cropped-neomarket3.png","width":334,"height":95,"caption":"NeoMarket"},"image":{"@id":"https:\/\/neomarket.com.co\/#\/schema\/logo\/image\/"},"sameAs":["https:\/\/www.facebook.com\/neomarketco","https:\/\/www.instagram.com\/neomarketco"]}]}},"uagb_featured_image_src":{"full":["https:\/\/neomarket.com.co\/wp-content\/uploads\/2023\/07\/PortaEquipaje01a-1000x1000-1.png",1000,1000,false],"thumbnail":["https:\/\/neomarket.com.co\/wp-content\/uploads\/2023\/07\/PortaEquipaje01a-1000x1000-1-150x150.png",150,150,true],"medium":["https:\/\/neomarket.com.co\/wp-content\/uploads\/2023\/07\/PortaEquipaje01a-1000x1000-1-300x300.png",300,300,true],"medium_large":["https:\/\/neomarket.com.co\/wp-content\/uploads\/2023\/07\/PortaEquipaje01a-1000x1000-1-768x768.png",768,768,true],"large":["https:\/\/neomarket.com.co\/wp-content\/uploads\/2023\/07\/PortaEquipaje01a-1000x1000-1.png",1000,1000,false],"1536x1536":["https:\/\/neomarket.com.co\/wp-content\/uploads\/2023\/07\/PortaEquipaje01a-1000x1000-1.png",1000,1000,false],"2048x2048":["https:\/\/neomarket.com.co\/wp-content\/uploads\/2023\/07\/PortaEquipaje01a-1000x1000-1.png",1000,1000,false],"woocommerce_thumbnail":["https:\/\/neomarket.com.co\/wp-content\/uploads\/2023\/07\/PortaEquipaje01a-1000x1000-1-300x300.png",300,300,true],"woocommerce_single":["https:\/\/neomarket.com.co\/wp-content\/uploads\/2023\/07\/PortaEquipaje01a-1000x1000-1-600x600.png",600,600,true],"woocommerce_gallery_thumbnail":["https:\/\/neomarket.com.co\/wp-content\/uploads\/2023\/07\/PortaEquipaje01a-1000x1000-1-100x100.png",100,100,true]},"uagb_author_info":{"display_name":"juesvedi","author_link":"https:\/\/neomarket.com.co\/?author=0"},"uagb_comment_info":0,"uagb_excerpt":"Incluye: -Maleta Portaequipaje. -Bolsa de Empaque y transporte.","jetpack_sharing_enabled":true,"_links":{"self":[{"href":"https:\/\/neomarket.com.co\/index.php?rest_route=\/wp\/v2\/product\/566","targetHints":{"allow":["GET"]}}],"collection":[{"href":"https:\/\/neomarket.com.co\/index.php?rest_route=\/wp\/v2\/product"}],"about":[{"href":"https:\/\/neomarket.com.co\/index.php?rest_route=\/wp\/v2\/types\/product"}],"replies":[{"embeddable":true,"href":"https:\/\/neomarket.com.co\/index.php?rest_route=%2Fwp%2Fv2%2Fcomments&post=566"}],"wp:featuredmedia":[{"embeddable":true,"href":"https:\/\/neomarket.com.co\/index.php?rest_route=\/wp\/v2\/media\/567"}],"wp:attachment":[{"href":"https:\/\/neomarket.com.co\/index.php?rest_route=%2Fwp%2Fv2%2Fmedia&parent=566"}],"wp:term":[{"taxonomy":"product_brand","embeddable":true,"href":"https:\/\/neomarket.com.co\/index.php?rest_route=%2Fwp%2Fv2%2Fproduct_brand&post=566"},{"taxonomy":"product_cat","embeddable":true,"href":"https:\/\/neomarket.com.co\/index.php?rest_route=%2Fwp%2Fv2%2Fproduct_cat&post=566"},{"taxonomy":"product_tag","embeddable":true,"href":"https:\/\/neomarket.com.co\/index.php?rest_route=%2Fwp%2Fv2%2Fproduct_tag&post=566"}],"curies":[{"name":"wp","href":"https:\/\/api.w.org\/{rel}","templated":true}]}}